{"id":410,"date":"2014-01-30T11:30:04","date_gmt":"2014-01-30T11:30:04","guid":{"rendered":"http:\/\/nienstedt.monofase.bz\/?page_id=410"},"modified":"2015-08-27T17:07:25","modified_gmt":"2015-08-27T16:07:25","slug":"sehnenverletzungen","status":"publish","type":"page","link":"https:\/\/www.handservice.it\/de\/sehnenverletzungen","title":{"rendered":"SEHNENVERLETZUNGEN"},"content":{"rendered":"<div class=\"child_pages child_pages-thumbnail\">\n<div id=\"child_page-724\" class=\"child_page\" style=\"width:33%;max-width:100%;\"><div class=\"child_page-container\"><div class=\"post_thumb\"><a href=\"https:\/\/www.handservice.it\/de\/sehnenverletzungen\/beugesehnenverletzungen\"><img decoding=\"async\" src=\"https:\/\/www.handservice.it\/wp-content\/uploads\/2015\/08\/lesioni-tendineee-150x150.jpeg\" class=\"attachment-thumbnail size-thumbnail wp-post-image\" alt=\"\" srcset=\"https:\/\/www.handservice.it\/wp-content\/uploads\/2015\/08\/lesioni-tendineee-150x150.jpeg 150w, https:\/\/www.handservice.it\/wp-content\/uploads\/2015\/08\/lesioni-tendineee-100x100.jpeg 100w\" sizes=\"(max-width: 150px) 100vw, 150px\" \/><\/a><\/div><div class=\"post_content\"><h4><a href=\"https:\/\/www.handservice.it\/de\/sehnenverletzungen\/beugesehnenverletzungen\">Beugesehnenverletzungen<\/a><\/h4><div class=\"post_excerpt\">BEUGESEHNENVERLETZUNGEN Jeder Langfinger besitzt eine oberfl\u00e4chliche und tiefe Beugesehne. Der Daumen hat nur eine lange Beugesehne. Die Beugesehnen verlaufen in einem Gleitkanal, der durch Ringb\u00e4nder verst\u00e4rkt wird. Verletzungen der Innenseite der Finger und der Hand k\u00f6nnen die Durchtrennung einer oder beider Beugesehnen bewirken. (1) Die Behandlung besteht in der Sehnennaht[...]<\/div><\/div><!-- .post_content  --><\/div><!-- .child_page-container --><\/div><!-- #child_page-724\" -->\n<\/div>\n","protected":false},"excerpt":{"rendered":"","protected":false},"author":2,"featured_media":201,"parent":0,"menu_order":0,"comment_status":"open","ping_status":"open","template":"","meta":{"footnotes":""},"class_list":["post-410","page","type-page","status-publish","has-post-thumbnail","hentry"],"yoast_head":"<!-- This site is optimized with the Yoast SEO plugin v27.4 - https:\/\/yoast.com\/product\/yoast-seo-wordpress\/ -->\n<title>SEHNENVERLETZUNGEN - Dr. Frank Nienstedt<\/title>\n<meta name=\"robots\" content=\"index, follow, max-snippet:-1, max-image-preview:large, max-video-preview:-1\" \/>\n<link rel=\"canonical\" href=\"http:\/\/www.handservice.it\/de\/sehnenverletzungen\" \/>\n<meta property=\"og:locale\" content=\"de_DE\" \/>\n<meta property=\"og:type\" content=\"article\" \/>\n<meta property=\"og:title\" content=\"SEHNENVERLETZUNGEN - Dr. Frank Nienstedt\" \/>\n<meta property=\"og:url\" content=\"http:\/\/www.handservice.it\/de\/sehnenverletzungen\" \/>\n<meta property=\"og:site_name\" content=\"Dr. Frank Nienstedt\" \/>\n<meta property=\"article:modified_time\" content=\"2015-08-27T16:07:25+00:00\" \/>\n<meta property=\"og:image\" content=\"http:\/\/www.handservice.it\/wp-content\/uploads\/2013\/12\/lesioni-tendinee1.jpg\" \/>\n\t<meta property=\"og:image:width\" content=\"527\" \/>\n\t<meta property=\"og:image:height\" content=\"300\" \/>\n\t<meta property=\"og:image:type\" content=\"image\/jpeg\" \/>\n<meta name=\"twitter:card\" content=\"summary_large_image\" \/>\n<script type=\"application\/ld+json\" class=\"yoast-schema-graph\">{\"@context\":\"https:\\\/\\\/schema.org\",\"@graph\":[{\"@type\":\"WebPage\",\"@id\":\"http:\\\/\\\/www.handservice.it\\\/de\\\/sehnenverletzungen\",\"url\":\"http:\\\/\\\/www.handservice.it\\\/de\\\/sehnenverletzungen\",\"name\":\"SEHNENVERLETZUNGEN - Dr. Frank Nienstedt\",\"isPartOf\":{\"@id\":\"http:\\\/\\\/www.handservice.it\\\/#website\"},\"primaryImageOfPage\":{\"@id\":\"http:\\\/\\\/www.handservice.it\\\/de\\\/sehnenverletzungen#primaryimage\"},\"image\":{\"@id\":\"http:\\\/\\\/www.handservice.it\\\/de\\\/sehnenverletzungen#primaryimage\"},\"thumbnailUrl\":\"https:\\\/\\\/www.handservice.it\\\/wp-content\\\/uploads\\\/2013\\\/12\\\/lesioni-tendinee1.jpg\",\"datePublished\":\"2014-01-30T11:30:04+00:00\",\"dateModified\":\"2015-08-27T16:07:25+00:00\",\"breadcrumb\":{\"@id\":\"http:\\\/\\\/www.handservice.it\\\/de\\\/sehnenverletzungen#breadcrumb\"},\"inLanguage\":\"de\",\"potentialAction\":[{\"@type\":\"ReadAction\",\"target\":[\"http:\\\/\\\/www.handservice.it\\\/de\\\/sehnenverletzungen\"]}]},{\"@type\":\"ImageObject\",\"inLanguage\":\"de\",\"@id\":\"http:\\\/\\\/www.handservice.it\\\/de\\\/sehnenverletzungen#primaryimage\",\"url\":\"https:\\\/\\\/www.handservice.it\\\/wp-content\\\/uploads\\\/2013\\\/12\\\/lesioni-tendinee1.jpg\",\"contentUrl\":\"https:\\\/\\\/www.handservice.it\\\/wp-content\\\/uploads\\\/2013\\\/12\\\/lesioni-tendinee1.jpg\",\"width\":527,\"height\":300},{\"@type\":\"BreadcrumbList\",\"@id\":\"http:\\\/\\\/www.handservice.it\\\/de\\\/sehnenverletzungen#breadcrumb\",\"itemListElement\":[{\"@type\":\"ListItem\",\"position\":1,\"name\":\"Home\",\"item\":\"http:\\\/\\\/www.handservice.it\\\/de\"},{\"@type\":\"ListItem\",\"position\":2,\"name\":\"SEHNENVERLETZUNGEN\"}]},{\"@type\":\"WebSite\",\"@id\":\"http:\\\/\\\/www.handservice.it\\\/#website\",\"url\":\"http:\\\/\\\/www.handservice.it\\\/\",\"name\":\"Dr. Frank Nienstedt\",\"description\":\"Chirurgia mano - Handchirurgie\",\"potentialAction\":[{\"@type\":\"SearchAction\",\"target\":{\"@type\":\"EntryPoint\",\"urlTemplate\":\"http:\\\/\\\/www.handservice.it\\\/?s={search_term_string}\"},\"query-input\":{\"@type\":\"PropertyValueSpecification\",\"valueRequired\":true,\"valueName\":\"search_term_string\"}}],\"inLanguage\":\"de\"}]}<\/script>\n<!-- \/ Yoast SEO plugin. -->","yoast_head_json":{"title":"SEHNENVERLETZUNGEN - Dr. Frank Nienstedt","robots":{"index":"index","follow":"follow","max-snippet":"max-snippet:-1","max-image-preview":"max-image-preview:large","max-video-preview":"max-video-preview:-1"},"canonical":"http:\/\/www.handservice.it\/de\/sehnenverletzungen","og_locale":"de_DE","og_type":"article","og_title":"SEHNENVERLETZUNGEN - Dr. Frank Nienstedt","og_url":"http:\/\/www.handservice.it\/de\/sehnenverletzungen","og_site_name":"Dr. Frank Nienstedt","article_modified_time":"2015-08-27T16:07:25+00:00","og_image":[{"width":527,"height":300,"url":"http:\/\/www.handservice.it\/wp-content\/uploads\/2013\/12\/lesioni-tendinee1.jpg","type":"image\/jpeg"}],"twitter_card":"summary_large_image","schema":{"@context":"https:\/\/schema.org","@graph":[{"@type":"WebPage","@id":"http:\/\/www.handservice.it\/de\/sehnenverletzungen","url":"http:\/\/www.handservice.it\/de\/sehnenverletzungen","name":"SEHNENVERLETZUNGEN - Dr. Frank Nienstedt","isPartOf":{"@id":"http:\/\/www.handservice.it\/#website"},"primaryImageOfPage":{"@id":"http:\/\/www.handservice.it\/de\/sehnenverletzungen#primaryimage"},"image":{"@id":"http:\/\/www.handservice.it\/de\/sehnenverletzungen#primaryimage"},"thumbnailUrl":"https:\/\/www.handservice.it\/wp-content\/uploads\/2013\/12\/lesioni-tendinee1.jpg","datePublished":"2014-01-30T11:30:04+00:00","dateModified":"2015-08-27T16:07:25+00:00","breadcrumb":{"@id":"http:\/\/www.handservice.it\/de\/sehnenverletzungen#breadcrumb"},"inLanguage":"de","potentialAction":[{"@type":"ReadAction","target":["http:\/\/www.handservice.it\/de\/sehnenverletzungen"]}]},{"@type":"ImageObject","inLanguage":"de","@id":"http:\/\/www.handservice.it\/de\/sehnenverletzungen#primaryimage","url":"https:\/\/www.handservice.it\/wp-content\/uploads\/2013\/12\/lesioni-tendinee1.jpg","contentUrl":"https:\/\/www.handservice.it\/wp-content\/uploads\/2013\/12\/lesioni-tendinee1.jpg","width":527,"height":300},{"@type":"BreadcrumbList","@id":"http:\/\/www.handservice.it\/de\/sehnenverletzungen#breadcrumb","itemListElement":[{"@type":"ListItem","position":1,"name":"Home","item":"http:\/\/www.handservice.it\/de"},{"@type":"ListItem","position":2,"name":"SEHNENVERLETZUNGEN"}]},{"@type":"WebSite","@id":"http:\/\/www.handservice.it\/#website","url":"http:\/\/www.handservice.it\/","name":"Dr. Frank Nienstedt","description":"Chirurgia mano - Handchirurgie","potentialAction":[{"@type":"SearchAction","target":{"@type":"EntryPoint","urlTemplate":"http:\/\/www.handservice.it\/?s={search_term_string}"},"query-input":{"@type":"PropertyValueSpecification","valueRequired":true,"valueName":"search_term_string"}}],"inLanguage":"de"}]}},"_links":{"self":[{"href":"https:\/\/www.handservice.it\/de\/wp-json\/wp\/v2\/pages\/410","targetHints":{"allow":["GET"]}}],"collection":[{"href":"https:\/\/www.handservice.it\/de\/wp-json\/wp\/v2\/pages"}],"about":[{"href":"https:\/\/www.handservice.it\/de\/wp-json\/wp\/v2\/types\/page"}],"author":[{"embeddable":true,"href":"https:\/\/www.handservice.it\/de\/wp-json\/wp\/v2\/users\/2"}],"replies":[{"embeddable":true,"href":"https:\/\/www.handservice.it\/de\/wp-json\/wp\/v2\/comments?post=410"}],"version-history":[{"count":2,"href":"https:\/\/www.handservice.it\/de\/wp-json\/wp\/v2\/pages\/410\/revisions"}],"predecessor-version":[{"id":731,"href":"https:\/\/www.handservice.it\/de\/wp-json\/wp\/v2\/pages\/410\/revisions\/731"}],"wp:featuredmedia":[{"embeddable":true,"href":"https:\/\/www.handservice.it\/de\/wp-json\/wp\/v2\/media\/201"}],"wp:attachment":[{"href":"https:\/\/www.handservice.it\/de\/wp-json\/wp\/v2\/media?parent=410"}],"curies":[{"name":"wp","href":"https:\/\/api.w.org\/{rel}","templated":true}]}}