{"id":371,"date":"2014-01-30T10:40:39","date_gmt":"2014-01-30T10:40:39","guid":{"rendered":"http:\/\/nienstedt.monofase.bz\/?page_id=371"},"modified":"2015-08-27T16:58:21","modified_gmt":"2015-08-27T15:58:21","slug":"lebenslauf","status":"publish","type":"page","link":"http:\/\/www.handservice.it\/de\/lebenslauf","title":{"rendered":"Lebenslauf"},"content":{"rendered":"<h2><strong>Dr. Frank Nienstedt<\/strong><\/h2>\n<p>geboren am 11.10.1954 in Hamburg, verheiratet, drei Kinder.<\/p>\n<p>1973-76\u00a0\u00a0\u00a0\u00a0\u00a0 Studium der Physik an der Universit\u00e4t Hamburg<\/p>\n<p>1976-82\u00a0\u00a0\u00a0\u00a0\u00a0 Studium der Medizin an der Universit\u00e4t Pavia<\/p>\n<p>1982-87\u00a0\u00a0\u00a0\u00a0\u00a0 Spezialisierung auf allgemeine Chirurgie bei der Universit\u00e4t Pavia<\/p>\n<p>1988-93\u00a0\u00a0\u00a0\u00a0\u00a0 Spezialisierung auf Orthop\u00e4die bei der Universit\u00e4t Mailand<\/p>\n<p>1989-90\u00a0\u00a0\u00a0\u00a0\u00a0 Fellowship bei der Abteilung f\u00fcr plastische Chirurgie und Handchirurgie beim Unfallkrankenhaus Hamburg (Chefarzt Prof. D. Buck-Gramcko)<\/p>\n<p>1997 \u00a0 \u00a0 \u00a0 \u00a0 Europ\u00e4isches Diplom f\u00fcr Handchirurgie (FESSH)<\/p>\n<p>1987-93\u00a0\u00a0\u00a0\u00a0\u00a0 Assistenzarzt bei der Abteilung f\u00fcr Orthop\u00e4die des Regionalkrankenhauses Bozen<\/p>\n<p>1993-98\u00a0\u00a0\u00a0\u00a0\u00a0 Chefarztassistent bei der Abteilung f\u00fcr Orthop\u00e4die des Regionalkrankenhauses Bozen<\/p>\n<p>1998-02\u00a0\u00a0\u00a0\u00a0\u00a0 Private T\u00e4tigkeit bei der St. Maria-Klinik in Bozen<\/p>\n<p>2004\u00a0\u00a0\u00a0\u00a0\u00a0\u00a0\u00a0\u00a0\u00a0\u00a0 Pr\u00e4sident des 42. Nationalen Kongresses der Societ\u00e0 Italiana di Chirurgia della Mano (italienische Gesellschaft f\u00fcr Handchirurgie) in Meran<\/p>\n<p>2005 -2009 Mitglied des Vorstands der Societ\u00e0 Italiana di Chirurgia della Mano<\/p>\n<p>2002-12\u00a0\u00a0\u00a0\u00a0\u00a0 Leiter der Unterabteilung f\u00fcr Handchirurgie bei der Orthop\u00e4dischen Abteilung des Tappeiner-Krankenhauses in Meran<\/p>\n<p>Seit\u00a02012 \u00a0 \u00a0 \u00a0 \u00a0Private T\u00e4tigkeit bei der St. Anna-Klinik in Meran und der Bonvicini-Klinik in Bozen<\/p>\n<p>&nbsp;<\/p>\n<h2>Studienaufenthalte<\/h2>\n<p>Kiel (Prof. Blauth), Wien (Prof. Millesi), Baden-Baden (Prof. Haussmann), Minnesota Mayo-Clinic (Prof. Bishop), Wrightington (Prof. Stanley), Bad Neustadt (Prof. Lanz).<\/p>\n<p>Wissenschaftliche T\u00e4tigkeiten<\/p>\n<p>Zahlreiche wissenschaftliche Vortr\u00e4ge auf nationalen und internationale Kongressen, insbesondere im Bereich der Handgelenkspathologie.<\/p>\n<p>Wissenschaftliche Ver\u00f6ffentlichungen<\/p>\n<p>Journal of Hand Surgery (British and European Volume), Journal of Hand Surgery (American Volume), Orthopaedics and Traumatology, Rivista di Chirurgia e Riabilitazione della Mano e dell\u2019Arto Superiore, Lo scalpello<br \/>\nTrattato di Chirurgia della Mano, Verduci Editore 2007<br \/>\nMitautor des Kapitels: \u201eFratture del Radio Distale (distale Radiusfrakturen)\u201d.<\/p>\n<p>&nbsp;<\/p>\n<h2>Didaktische T\u00e4tigkeiten<\/h2>\n<p>Dozent des Postgraduate-Fernlehrgangs der Societ\u00e0 Italiana di Chirurgia della Mano<\/p>\n<p>Dozent bei der Scuola Provinciale Superiore della Sanit\u00e0 Claudiana in Bozen, die mit der R\u00f6mischen Sacro Cuore-Universit\u00e4t zusammenarbeitet<\/p>\n","protected":false},"excerpt":{"rendered":"<p>Dr. Frank Nienstedt geboren am 11.10.1954 in Hamburg, verheiratet, drei Kinder. 1973-76\u00a0\u00a0\u00a0\u00a0\u00a0 Studium der Physik an der Universit\u00e4t Hamburg 1976-82\u00a0\u00a0\u00a0\u00a0\u00a0 Studium der Medizin an der Universit\u00e4t Pavia 1982-87\u00a0\u00a0\u00a0\u00a0\u00a0 Spezialisierung auf allgemeine Chirurgie bei der Universit\u00e4t Pavia 1988-93\u00a0\u00a0\u00a0\u00a0\u00a0 Spezialisierung auf Orthop\u00e4die bei der Universit\u00e4t Mailand 1989-90\u00a0\u00a0\u00a0\u00a0\u00a0 Fellowship bei der Abteilung f\u00fcr[&#8230;]<\/p>\n","protected":false},"author":2,"featured_media":0,"parent":0,"menu_order":0,"comment_status":"closed","ping_status":"closed","template":"","meta":{"footnotes":""},"class_list":["post-371","page","type-page","status-publish","hentry"],"yoast_head":"<!-- This site is optimized with the Yoast SEO plugin v27.4 - https:\/\/yoast.com\/product\/yoast-seo-wordpress\/ -->\n<title>Lebenslauf - Dr. Frank Nienstedt<\/title>\n<meta name=\"robots\" content=\"index, follow, max-snippet:-1, max-image-preview:large, max-video-preview:-1\" \/>\n<link rel=\"canonical\" href=\"http:\/\/www.handservice.it\/de\/lebenslauf\" \/>\n<meta property=\"og:locale\" content=\"de_DE\" \/>\n<meta property=\"og:type\" content=\"article\" \/>\n<meta property=\"og:title\" content=\"Lebenslauf - Dr. Frank Nienstedt\" \/>\n<meta property=\"og:description\" content=\"Dr. Frank Nienstedt geboren am 11.10.1954 in Hamburg, verheiratet, drei Kinder. 1973-76\u00a0\u00a0\u00a0\u00a0\u00a0 Studium der Physik an der Universit\u00e4t Hamburg 1976-82\u00a0\u00a0\u00a0\u00a0\u00a0 Studium der Medizin an der Universit\u00e4t Pavia 1982-87\u00a0\u00a0\u00a0\u00a0\u00a0 Spezialisierung auf allgemeine Chirurgie bei der Universit\u00e4t Pavia 1988-93\u00a0\u00a0\u00a0\u00a0\u00a0 Spezialisierung auf Orthop\u00e4die bei der Universit\u00e4t Mailand 1989-90\u00a0\u00a0\u00a0\u00a0\u00a0 Fellowship bei der Abteilung f\u00fcr[...]\" \/>\n<meta property=\"og:url\" content=\"http:\/\/www.handservice.it\/de\/lebenslauf\" \/>\n<meta property=\"og:site_name\" content=\"Dr. Frank Nienstedt\" \/>\n<meta property=\"article:modified_time\" content=\"2015-08-27T15:58:21+00:00\" \/>\n<meta name=\"twitter:card\" content=\"summary_large_image\" \/>\n<meta name=\"twitter:label1\" content=\"Gesch\u00e4tzte Lesezeit\" \/>\n\t<meta name=\"twitter:data1\" content=\"1\u00a0Minute\" \/>\n<script type=\"application\/ld+json\" class=\"yoast-schema-graph\">{\"@context\":\"https:\\\/\\\/schema.org\",\"@graph\":[{\"@type\":\"WebPage\",\"@id\":\"http:\\\/\\\/www.handservice.it\\\/de\\\/lebenslauf\",\"url\":\"http:\\\/\\\/www.handservice.it\\\/de\\\/lebenslauf\",\"name\":\"Lebenslauf - Dr. Frank Nienstedt\",\"isPartOf\":{\"@id\":\"https:\\\/\\\/www.handservice.it\\\/#website\"},\"datePublished\":\"2014-01-30T10:40:39+00:00\",\"dateModified\":\"2015-08-27T15:58:21+00:00\",\"breadcrumb\":{\"@id\":\"http:\\\/\\\/www.handservice.it\\\/de\\\/lebenslauf#breadcrumb\"},\"inLanguage\":\"de\",\"potentialAction\":[{\"@type\":\"ReadAction\",\"target\":[\"http:\\\/\\\/www.handservice.it\\\/de\\\/lebenslauf\"]}]},{\"@type\":\"BreadcrumbList\",\"@id\":\"http:\\\/\\\/www.handservice.it\\\/de\\\/lebenslauf#breadcrumb\",\"itemListElement\":[{\"@type\":\"ListItem\",\"position\":1,\"name\":\"Home\",\"item\":\"https:\\\/\\\/www.handservice.it\\\/de\"},{\"@type\":\"ListItem\",\"position\":2,\"name\":\"Lebenslauf\"}]},{\"@type\":\"WebSite\",\"@id\":\"https:\\\/\\\/www.handservice.it\\\/#website\",\"url\":\"https:\\\/\\\/www.handservice.it\\\/\",\"name\":\"Dr. Frank Nienstedt\",\"description\":\"Chirurgia mano - Handchirurgie\",\"potentialAction\":[{\"@type\":\"SearchAction\",\"target\":{\"@type\":\"EntryPoint\",\"urlTemplate\":\"https:\\\/\\\/www.handservice.it\\\/?s={search_term_string}\"},\"query-input\":{\"@type\":\"PropertyValueSpecification\",\"valueRequired\":true,\"valueName\":\"search_term_string\"}}],\"inLanguage\":\"de\"}]}<\/script>\n<!-- \/ Yoast SEO plugin. -->","yoast_head_json":{"title":"Lebenslauf - Dr. Frank Nienstedt","robots":{"index":"index","follow":"follow","max-snippet":"max-snippet:-1","max-image-preview":"max-image-preview:large","max-video-preview":"max-video-preview:-1"},"canonical":"http:\/\/www.handservice.it\/de\/lebenslauf","og_locale":"de_DE","og_type":"article","og_title":"Lebenslauf - Dr. Frank Nienstedt","og_description":"Dr. Frank Nienstedt geboren am 11.10.1954 in Hamburg, verheiratet, drei Kinder. 1973-76\u00a0\u00a0\u00a0\u00a0\u00a0 Studium der Physik an der Universit\u00e4t Hamburg 1976-82\u00a0\u00a0\u00a0\u00a0\u00a0 Studium der Medizin an der Universit\u00e4t Pavia 1982-87\u00a0\u00a0\u00a0\u00a0\u00a0 Spezialisierung auf allgemeine Chirurgie bei der Universit\u00e4t Pavia 1988-93\u00a0\u00a0\u00a0\u00a0\u00a0 Spezialisierung auf Orthop\u00e4die bei der Universit\u00e4t Mailand 1989-90\u00a0\u00a0\u00a0\u00a0\u00a0 Fellowship bei der Abteilung f\u00fcr[...]","og_url":"http:\/\/www.handservice.it\/de\/lebenslauf","og_site_name":"Dr. Frank Nienstedt","article_modified_time":"2015-08-27T15:58:21+00:00","twitter_card":"summary_large_image","twitter_misc":{"Gesch\u00e4tzte Lesezeit":"1\u00a0Minute"},"schema":{"@context":"https:\/\/schema.org","@graph":[{"@type":"WebPage","@id":"http:\/\/www.handservice.it\/de\/lebenslauf","url":"http:\/\/www.handservice.it\/de\/lebenslauf","name":"Lebenslauf - Dr. Frank Nienstedt","isPartOf":{"@id":"https:\/\/www.handservice.it\/#website"},"datePublished":"2014-01-30T10:40:39+00:00","dateModified":"2015-08-27T15:58:21+00:00","breadcrumb":{"@id":"http:\/\/www.handservice.it\/de\/lebenslauf#breadcrumb"},"inLanguage":"de","potentialAction":[{"@type":"ReadAction","target":["http:\/\/www.handservice.it\/de\/lebenslauf"]}]},{"@type":"BreadcrumbList","@id":"http:\/\/www.handservice.it\/de\/lebenslauf#breadcrumb","itemListElement":[{"@type":"ListItem","position":1,"name":"Home","item":"https:\/\/www.handservice.it\/de"},{"@type":"ListItem","position":2,"name":"Lebenslauf"}]},{"@type":"WebSite","@id":"https:\/\/www.handservice.it\/#website","url":"https:\/\/www.handservice.it\/","name":"Dr. Frank Nienstedt","description":"Chirurgia mano - Handchirurgie","potentialAction":[{"@type":"SearchAction","target":{"@type":"EntryPoint","urlTemplate":"https:\/\/www.handservice.it\/?s={search_term_string}"},"query-input":{"@type":"PropertyValueSpecification","valueRequired":true,"valueName":"search_term_string"}}],"inLanguage":"de"}]}},"_links":{"self":[{"href":"http:\/\/www.handservice.it\/de\/wp-json\/wp\/v2\/pages\/371","targetHints":{"allow":["GET"]}}],"collection":[{"href":"http:\/\/www.handservice.it\/de\/wp-json\/wp\/v2\/pages"}],"about":[{"href":"http:\/\/www.handservice.it\/de\/wp-json\/wp\/v2\/types\/page"}],"author":[{"embeddable":true,"href":"http:\/\/www.handservice.it\/de\/wp-json\/wp\/v2\/users\/2"}],"replies":[{"embeddable":true,"href":"http:\/\/www.handservice.it\/de\/wp-json\/wp\/v2\/comments?post=371"}],"version-history":[{"count":22,"href":"http:\/\/www.handservice.it\/de\/wp-json\/wp\/v2\/pages\/371\/revisions"}],"predecessor-version":[{"id":727,"href":"http:\/\/www.handservice.it\/de\/wp-json\/wp\/v2\/pages\/371\/revisions\/727"}],"wp:attachment":[{"href":"http:\/\/www.handservice.it\/de\/wp-json\/wp\/v2\/media?parent=371"}],"curies":[{"name":"wp","href":"https:\/\/api.w.org\/{rel}","templated":true}]}}